{"id":100,"date":"2025-09-17T14:01:20","date_gmt":"2025-09-17T14:01:20","guid":{"rendered":"https:\/\/bibleleaguesto.wpengine.com\/?product=hacia-la-meta-1-reaching-toward-the-goal-1"},"modified":"2025-09-19T19:50:21","modified_gmt":"2025-09-19T19:50:21","slug":"hacia-la-meta-1-reaching-toward-the-goal-1","status":"publish","type":"product","link":"https:\/\/store.bibleleague.org\/?product=hacia-la-meta-1-reaching-toward-the-goal-1","title":{"rendered":"Hacia la Meta #1 (Reaching Toward\u00a0the Goal #1)"},"content":{"rendered":"<p>Disfrutar de tu nueva vida en Jesucristo significa saber que \u00c9l te ama sin importar nada. \u00c9l siempre est\u00e1 contigo y quiere que tu relaci\u00f3n con \u00c9l se profundice cada d\u00eda.\u00a0<em>Hacia la Meta<\/em>\u00a0es una gu\u00eda de dos partes que contiene lecciones b\u00edblicas que te ayudar\u00e1n a hacer justamente eso. Aprender\u00e1s c\u00f3mo estudiar la Biblia, vivir fielmente para Jes\u00fas, descubrir tus dones espirituales, amar verdaderamente a los dem\u00e1s y la importancia de unirse a una iglesia local. \u00bfEst\u00e1s listo para dar el siguiente paso en tu viaje con Jes\u00fas? \u00c9l est\u00e1 ah\u00ed para ti. \u00c9l quiere ayudarte. Ser\u00e1 la mejor experiencia que hayas tenido.<\/p>\n<p><strong>Lecciones de\u00a0<em>Hacia la Meta, Parte Una<\/em>:<\/strong><\/p>\n<ol>\n<li>El regalo de Dios<\/li>\n<li>\u00a1Dios est\u00e1 contigo!<\/li>\n<li>Una fe viva<\/li>\n<li>La palabra en acci\u00f3n<\/li>\n<li>Una nueva manera de pensar<\/li>\n<li>Pr\u00edncipios para la vida<\/li>\n<li>Amar a otros para amar a Dios<\/li>\n<li>\u00a1La carrera es larga, pero no est\u00e1s solo!<\/li>\n<\/ol>\n<p>Enjoying your new life in Jesus Christ means knowing He loves you no matter what. He is always with you and wants your relationship with Him to grow deeper every day.\u00a0<em>Reaching Toward the Goal<\/em>\u00a0is a two-part guide contains Bible lessons that will help you do just that. You&#8217;ll learn how to study the Bible, live faithfully for Jesus, discover your spiritual gifts, truly love others, and the importance of joining a local church. Are you ready to take the next step in your journey with Jesus? He&#8217;s there for you. He wants to help you. It will be the greatest experience you&#8217;ve ever had.<\/p>\n<p><strong><em>Reaching toward the Goal, Part One<\/em>\u00a0Lessons:<\/strong><\/p>\n<ol>\n<li>The Gift from God<\/li>\n<li>God is with You!<\/li>\n<li>A Living Faith<\/li>\n<li>The Word of God in Action<\/li>\n<li>A New Way of Thinking<\/li>\n<li>Principles to Live By<\/li>\n<li>Love Others Because God First Loved Us<\/li>\n<li>Be Strong\u2014You Belong to Jesus!<\/li>\n<\/ol>\n","protected":false},"excerpt":{"rendered":"<p>Disfrutar de tu nueva vida en Jesucristo significa saber que \u00c9l te ama sin importar nada. \u00c9l siempre est\u00e1 contigo y quiere que tu relaci\u00f3n con \u00c9l se profundice cada d\u00eda.\u00a0Hacia la Meta\u00a0es una gu\u00eda de dos partes que contiene lecciones b\u00edblicas que te ayudar\u00e1n a hacer justamente eso. Aprender\u00e1s c\u00f3mo estudiar la Biblia, vivir [&hellip;]<\/p>\n","protected":false},"featured_media":145,"template":"","meta":[],"product_brand":[],"product_cat":[23],"product_tag":[],"class_list":{"0":"post-100","1":"product","2":"type-product","3":"status-publish","4":"has-post-thumbnail","6":"product_cat-bible-studies","8":"first","9":"instock","10":"shipping-taxable","11":"product-type-external"},"_links":{"self":[{"href":"https:\/\/store.bibleleague.org\/index.php?rest_route=\/wp\/v2\/product\/100","targetHints":{"allow":["GET"]}}],"collection":[{"href":"https:\/\/store.bibleleague.org\/index.php?rest_route=\/wp\/v2\/product"}],"about":[{"href":"https:\/\/store.bibleleague.org\/index.php?rest_route=\/wp\/v2\/types\/product"}],"wp:featuredmedia":[{"embeddable":true,"href":"https:\/\/store.bibleleague.org\/index.php?rest_route=\/wp\/v2\/media\/145"}],"wp:attachment":[{"href":"https:\/\/store.bibleleague.org\/index.php?rest_route=%2Fwp%2Fv2%2Fmedia&parent=100"}],"wp:term":[{"taxonomy":"product_brand","embeddable":true,"href":"https:\/\/store.bibleleague.org\/index.php?rest_route=%2Fwp%2Fv2%2Fproduct_brand&post=100"},{"taxonomy":"product_cat","embeddable":true,"href":"https:\/\/store.bibleleague.org\/index.php?rest_route=%2Fwp%2Fv2%2Fproduct_cat&post=100"},{"taxonomy":"product_tag","embeddable":true,"href":"https:\/\/store.bibleleague.org\/index.php?rest_route=%2Fwp%2Fv2%2Fproduct_tag&post=100"}],"curies":[{"name":"wp","href":"https:\/\/api.w.org\/{rel}","templated":true}]}}