{"id":101,"date":"2025-09-17T14:01:20","date_gmt":"2025-09-17T14:01:20","guid":{"rendered":"https:\/\/bibleleaguesto.wpengine.com\/?product=las-buenas-noticias-segun-juan-con-guia-de-estudio"},"modified":"2026-02-02T15:00:06","modified_gmt":"2026-02-02T15:00:06","slug":"las-buenas-noticias-segun-juan-con-guia-de-estudio","status":"publish","type":"product","link":"https:\/\/store.bibleleague.org\/?product=las-buenas-noticias-segun-juan-con-guia-de-estudio","title":{"rendered":"Las Buenas Noticias Seg\u00fan Juan con\u00a0Gu\u00eda de Estudio"},"content":{"rendered":"<div class=\"CBD-TextContent CBD-PD-SubSection CBD-PD-Description CBD-TextContent-SingleColumn -ResponsiveModule CBD-TextContent-2Column\" data-cbd-responsivebehavior=\"text\" data-cbd-textcontent-status=\"active\">\n<div class=\"CBD-TextContent-Text\">\n<div class=\"CBD-TextContent-Columns\">\n<div>\n<p>Aprenda acerca de la vida y ense\u00f1anzas de Jes\u00fas. En\u00a0<em>Las Buenas Noticias Seg\u00fan Juan con Gu\u00eda de Estudio<\/em>\u00a0usted descubrir\u00e1 el amor que Dios nos mostr\u00f3 a trav\u00e9s de Jes\u00fas. En este folleto tambi\u00e9n encontrar\u00e1 respuestas a las preguntas m\u00e1s dif\u00edciles de la vida y, si est\u00e1 listo para recibir su mensaje, descubrir\u00e1 el prop\u00f3sito de Dios para tu vida. Est\u00e1 escrito en un lenguaje moderno y f\u00e1cil de entender.<\/p>\n<p>Learn about the life and teachings of Jesus. In\u00a0<em>The Good News According to John with a Study Guide<\/em>, you will discover the love that God showed us through Jesus. In this booklet you will also find answers to the most difficult questions in life and, if you are ready to receive your message, you will discover God&#8217;s purpose for your life. It is written in a modern and easy to understand language.<\/p>\n<\/div>\n<\/div>\n<\/div>\n<\/div>\n","protected":false},"excerpt":{"rendered":"<p>Aprenda acerca de la vida y ense\u00f1anzas de Jes\u00fas. En\u00a0Las Buenas Noticias Seg\u00fan Juan con Gu\u00eda de Estudio\u00a0usted descubrir\u00e1 el amor que Dios nos mostr\u00f3 a trav\u00e9s de Jes\u00fas. En este folleto tambi\u00e9n encontrar\u00e1 respuestas a las preguntas m\u00e1s dif\u00edciles de la vida y, si est\u00e1 listo para recibir su mensaje, descubrir\u00e1 el prop\u00f3sito de [&hellip;]<\/p>\n","protected":false},"featured_media":143,"template":"","meta":[],"product_brand":[],"product_cat":[23],"product_tag":[],"class_list":{"0":"post-101","1":"product","2":"type-product","3":"status-publish","4":"has-post-thumbnail","6":"product_cat-bible-studies","8":"first","9":"instock","10":"shipping-taxable","11":"product-type-external"},"_links":{"self":[{"href":"https:\/\/store.bibleleague.org\/index.php?rest_route=\/wp\/v2\/product\/101","targetHints":{"allow":["GET"]}}],"collection":[{"href":"https:\/\/store.bibleleague.org\/index.php?rest_route=\/wp\/v2\/product"}],"about":[{"href":"https:\/\/store.bibleleague.org\/index.php?rest_route=\/wp\/v2\/types\/product"}],"wp:featuredmedia":[{"embeddable":true,"href":"https:\/\/store.bibleleague.org\/index.php?rest_route=\/wp\/v2\/media\/143"}],"wp:attachment":[{"href":"https:\/\/store.bibleleague.org\/index.php?rest_route=%2Fwp%2Fv2%2Fmedia&parent=101"}],"wp:term":[{"taxonomy":"product_brand","embeddable":true,"href":"https:\/\/store.bibleleague.org\/index.php?rest_route=%2Fwp%2Fv2%2Fproduct_brand&post=101"},{"taxonomy":"product_cat","embeddable":true,"href":"https:\/\/store.bibleleague.org\/index.php?rest_route=%2Fwp%2Fv2%2Fproduct_cat&post=101"},{"taxonomy":"product_tag","embeddable":true,"href":"https:\/\/store.bibleleague.org\/index.php?rest_route=%2Fwp%2Fv2%2Fproduct_tag&post=101"}],"curies":[{"name":"wp","href":"https:\/\/api.w.org\/{rel}","templated":true}]}}