{"id":74,"date":"2025-09-17T14:01:17","date_gmt":"2025-09-17T14:01:17","guid":{"rendered":"https:\/\/bibleleaguesto.wpengine.com\/?product=pdt-childrens-softcover-bible"},"modified":"2025-09-19T19:50:22","modified_gmt":"2025-09-19T19:50:22","slug":"pdt-childrens-softcover-bible","status":"publish","type":"product","link":"https:\/\/store.bibleleague.org\/?product=pdt-childrens-softcover-bible","title":{"rendered":"PDT Children&#8217;s Softcover Bible"},"content":{"rendered":"<div class=\"CBD-TextContent CBD-PD-SubSection CBD-PD-Description CBD-TextContent-SingleColumn -ResponsiveModule CBD-TextContent-2Column\" data-cbd-responsivebehavior=\"text\" data-cbd-textcontent-status=\"active\">\n<div class=\"CBD-TextContent-Text\">\n<div class=\"CBD-TextContent-Columns\">\n<div>\n<p><em>La Biblia Ilustrada F\u00e1cil de Leer<\/em>, con 58 ilustraciones a todo color, fue dise\u00f1ada para dar a las familias e iglesias una forma de presentar la Palabra de Dios en una forma simple y agradable que ayudar\u00e1 a cualquiera a entender el plan de Dios para sus vidas.<\/p>\n<p>Escrito en un nivel de lectura de tercer grado con oraciones muy cortas y usando un vocabulario limitado, la traducci\u00f3n es una de las traducciones m\u00e1s simples y f\u00e1ciles de leer disponibles. El estilo cotidiano y las coloridas ilustraciones en estas p\u00e1ginas abrir\u00e1n el significado de la Palabra de Dios, incluso para aquellos que no est\u00e1n familiarizados con la Biblia. Ver, leer y escuchar las grandes historias de la Biblia har\u00e1 que cobren vida.<\/p>\n<p>Use esta Biblia f\u00e1cil de leer en su hogar, su iglesia o como un regalo. El estilo f\u00e1cil de leer y las im\u00e1genes cautivadoras ayudar\u00e1n a que todos los almacenen en sus corazones y mentes durante toda la vida. Un precio modesto lo hace ideal para la distribuci\u00f3n masiva de ESL, alcance y evangelismo.<\/p>\n<p>Caracteristicas:<\/p>\n<ul>\n<li>Tamaqo de texto grande de 10 puntos<\/li>\n<li>58 ilustraciones a todo color<\/li>\n<li>Introduccisn a la Biblia<\/li>\n<li>Lista de palabras \/ Glosario de tirminos que pueden ser difmciles de entender<\/li>\n<li>Seis paginas de mapas de dos colores, dos paginas de mapas a todo color<\/li>\n<li>&#8220;La Biblia, La Historia de Dios y Su Amor para Nosotros&#8221; resumen de la Biblia<\/li>\n<li>La lista de &#8220;Dios te responde en tiempos difmciles&#8221; de ztiles versmculos de la Biblia<\/li>\n<li>Mndice de materias &#8220;Palabras para vivir&#8221;<\/li>\n<li>Paginas en blanco para notas personales<\/li>\n<li>8.25&#8243; x 5.25&#8243; x 1.50&#8243;<\/li>\n<\/ul>\n<p>&nbsp;<\/p>\n<\/div>\n<\/div>\n<\/div>\n<\/div>\n","protected":false},"excerpt":{"rendered":"<p>La Biblia Ilustrada F\u00e1cil de Leer, con 58 ilustraciones a todo color, fue dise\u00f1ada para dar a las familias e iglesias una forma de presentar la Palabra de Dios en una forma simple y agradable que ayudar\u00e1 a cualquiera a entender el plan de Dios para sus vidas. Escrito en un nivel de lectura de [&hellip;]<\/p>\n","protected":false},"featured_media":157,"template":"","meta":[],"product_brand":[],"product_cat":[22],"product_tag":[],"class_list":{"0":"post-74","1":"product","2":"type-product","3":"status-publish","4":"has-post-thumbnail","6":"product_cat-childrens-resources","8":"first","9":"instock","10":"shipping-taxable","11":"product-type-external"},"_links":{"self":[{"href":"https:\/\/store.bibleleague.org\/index.php?rest_route=\/wp\/v2\/product\/74","targetHints":{"allow":["GET"]}}],"collection":[{"href":"https:\/\/store.bibleleague.org\/index.php?rest_route=\/wp\/v2\/product"}],"about":[{"href":"https:\/\/store.bibleleague.org\/index.php?rest_route=\/wp\/v2\/types\/product"}],"wp:featuredmedia":[{"embeddable":true,"href":"https:\/\/store.bibleleague.org\/index.php?rest_route=\/wp\/v2\/media\/157"}],"wp:attachment":[{"href":"https:\/\/store.bibleleague.org\/index.php?rest_route=%2Fwp%2Fv2%2Fmedia&parent=74"}],"wp:term":[{"taxonomy":"product_brand","embeddable":true,"href":"https:\/\/store.bibleleague.org\/index.php?rest_route=%2Fwp%2Fv2%2Fproduct_brand&post=74"},{"taxonomy":"product_cat","embeddable":true,"href":"https:\/\/store.bibleleague.org\/index.php?rest_route=%2Fwp%2Fv2%2Fproduct_cat&post=74"},{"taxonomy":"product_tag","embeddable":true,"href":"https:\/\/store.bibleleague.org\/index.php?rest_route=%2Fwp%2Fv2%2Fproduct_tag&post=74"}],"curies":[{"name":"wp","href":"https:\/\/api.w.org\/{rel}","templated":true}]}}