{"id":75,"date":"2025-09-17T14:01:18","date_gmt":"2025-09-17T14:01:18","guid":{"rendered":"https:\/\/bibleleaguesto.wpengine.com\/?product=vida-de-jesus-para-ninos-life-of-jesus-for-children"},"modified":"2026-02-05T16:33:26","modified_gmt":"2026-02-05T16:33:26","slug":"vida-de-jesus-para-ninos-life-of-jesus-for-children","status":"publish","type":"product","link":"https:\/\/store.bibleleague.org\/?product=vida-de-jesus-para-ninos-life-of-jesus-for-children","title":{"rendered":"Vida De Jesus Para Ninos (Life of Jesus for Children)"},"content":{"rendered":"<p>Este estudio de 26 lecciones de la vida de Jes\u00fas para los ni\u00f1os se basa en la historia de Jes\u00fas encontrada en el Nuevo Testamento. Cada lecci\u00f3n contiene una imagen a todo color y vuelve a contar una secci\u00f3n de las Escrituras con preguntas de comprensi\u00f3n y pensamiento a lo largo de la historia. Cada lecci\u00f3n concluye con preguntas inquisitivas y una oraci\u00f3n simple. Una clave de respuesta est\u00e1 en la parte posterior.<\/p>\n<p>Queremos que todos lean o escuchen estas Buenas Nuevas, la historia de Jes\u00fas, el Rey Elegido de Dios. Es la mejor historia jam\u00e1s contada. Nuestra esperanza es que los ni\u00f1os que reciban este libro amar\u00e1n y seguir\u00e1n a Jes\u00fas.<\/p>\n","protected":false},"excerpt":{"rendered":"<p>Este estudio de 26 lecciones de la vida de Jes\u00fas para los ni\u00f1os se basa en la historia de Jes\u00fas encontrada en el Nuevo Testamento. Cada lecci\u00f3n contiene una imagen a todo color y vuelve a contar una secci\u00f3n de las Escrituras con preguntas de comprensi\u00f3n y pensamiento a lo largo de la historia. Cada [&hellip;]<\/p>\n","protected":false},"featured_media":120,"template":"","meta":[],"product_brand":[],"product_cat":[22],"product_tag":[],"class_list":{"0":"post-75","1":"product","2":"type-product","3":"status-publish","4":"has-post-thumbnail","6":"product_cat-childrens-resources","8":"first","9":"instock","10":"shipping-taxable","11":"product-type-external"},"_links":{"self":[{"href":"https:\/\/store.bibleleague.org\/index.php?rest_route=\/wp\/v2\/product\/75","targetHints":{"allow":["GET"]}}],"collection":[{"href":"https:\/\/store.bibleleague.org\/index.php?rest_route=\/wp\/v2\/product"}],"about":[{"href":"https:\/\/store.bibleleague.org\/index.php?rest_route=\/wp\/v2\/types\/product"}],"wp:featuredmedia":[{"embeddable":true,"href":"https:\/\/store.bibleleague.org\/index.php?rest_route=\/wp\/v2\/media\/120"}],"wp:attachment":[{"href":"https:\/\/store.bibleleague.org\/index.php?rest_route=%2Fwp%2Fv2%2Fmedia&parent=75"}],"wp:term":[{"taxonomy":"product_brand","embeddable":true,"href":"https:\/\/store.bibleleague.org\/index.php?rest_route=%2Fwp%2Fv2%2Fproduct_brand&post=75"},{"taxonomy":"product_cat","embeddable":true,"href":"https:\/\/store.bibleleague.org\/index.php?rest_route=%2Fwp%2Fv2%2Fproduct_cat&post=75"},{"taxonomy":"product_tag","embeddable":true,"href":"https:\/\/store.bibleleague.org\/index.php?rest_route=%2Fwp%2Fv2%2Fproduct_tag&post=75"}],"curies":[{"name":"wp","href":"https:\/\/api.w.org\/{rel}","templated":true}]}}