{"id":82,"date":"2025-09-17T14:01:18","date_gmt":"2025-09-17T14:01:18","guid":{"rendered":"https:\/\/bibleleaguesto.wpengine.com\/?product=descubriendo-recorrido-por-antiguo-testamento-guia-del-maestro"},"modified":"2025-09-19T19:50:18","modified_gmt":"2025-09-19T19:50:18","slug":"descubriendo-recorrido-por-antiguo-testamento-guia-del-maestro","status":"publish","type":"product","link":"https:\/\/store.bibleleague.org\/?product=descubriendo-recorrido-por-antiguo-testamento-guia-del-maestro","title":{"rendered":"Descubriendo: Recorrido Por Antiguo Testamento Guia Del Maestro"},"content":{"rendered":"<p><em>Descubriendo: Recorrido por el Antiguo Testamento &#8211; Gu\u00eda del maestro<\/em>\u00a0proporc\u00edona un recurso para libro para colorear del Recorrido por el Antiguo Testamento. Cada lecci\u00f3n en la gu\u00eda del maestro proporc\u00edona el contexto de las Escrituras, el trasfondo de la historia, los puntos de ense\u00f1anza, el plan de la lecci\u00f3n paso a paso, las actividades a relizar y una corta oraci\u00f3n de gu\u00eda.<\/p>\n<p><em>Descubriendo: Recorrido por el Antiguo Testamento &#8211; Libro para colorear<\/em>, junto con\u00a0<em>Recorrido por el Antiguo Testamento: Gu\u00eda del maestro<\/em>, son estudios b\u00edblicos dise\u00f1ados especialmente para ni\u00f1os peque\u00f1os de cuatro a seis a\u00f1os, per pueden utilizarse con ni\u00f1os de hasta nueva a\u00f1os.<\/p>\n","protected":false},"excerpt":{"rendered":"<p>Descubriendo: Recorrido por el Antiguo Testamento &#8211; Gu\u00eda del maestro\u00a0proporc\u00edona un recurso para libro para colorear del Recorrido por el Antiguo Testamento. Cada lecci\u00f3n en la gu\u00eda del maestro proporc\u00edona el contexto de las Escrituras, el trasfondo de la historia, los puntos de ense\u00f1anza, el plan de la lecci\u00f3n paso a paso, las actividades a [&hellip;]<\/p>\n","protected":false},"featured_media":132,"template":"","meta":[],"product_brand":[],"product_cat":[22],"product_tag":[],"class_list":{"0":"post-82","1":"product","2":"type-product","3":"status-publish","4":"has-post-thumbnail","6":"product_cat-childrens-resources","8":"first","9":"instock","10":"shipping-taxable","11":"product-type-external"},"_links":{"self":[{"href":"https:\/\/store.bibleleague.org\/index.php?rest_route=\/wp\/v2\/product\/82","targetHints":{"allow":["GET"]}}],"collection":[{"href":"https:\/\/store.bibleleague.org\/index.php?rest_route=\/wp\/v2\/product"}],"about":[{"href":"https:\/\/store.bibleleague.org\/index.php?rest_route=\/wp\/v2\/types\/product"}],"wp:featuredmedia":[{"embeddable":true,"href":"https:\/\/store.bibleleague.org\/index.php?rest_route=\/wp\/v2\/media\/132"}],"wp:attachment":[{"href":"https:\/\/store.bibleleague.org\/index.php?rest_route=%2Fwp%2Fv2%2Fmedia&parent=82"}],"wp:term":[{"taxonomy":"product_brand","embeddable":true,"href":"https:\/\/store.bibleleague.org\/index.php?rest_route=%2Fwp%2Fv2%2Fproduct_brand&post=82"},{"taxonomy":"product_cat","embeddable":true,"href":"https:\/\/store.bibleleague.org\/index.php?rest_route=%2Fwp%2Fv2%2Fproduct_cat&post=82"},{"taxonomy":"product_tag","embeddable":true,"href":"https:\/\/store.bibleleague.org\/index.php?rest_route=%2Fwp%2Fv2%2Fproduct_tag&post=82"}],"curies":[{"name":"wp","href":"https:\/\/api.w.org\/{rel}","templated":true}]}}